{"id":536,"date":"2023-01-05T17:02:03","date_gmt":"2023-01-05T16:02:03","guid":{"rendered":"https:\/\/ettic.org\/blog\/?page_id=536"},"modified":"2023-10-31T12:25:56","modified_gmt":"2023-10-31T11:25:56","slug":"gerer-les-cookies","status":"publish","type":"page","link":"https:\/\/ettic.org\/blog\/gerer-les-cookies\/","title":{"rendered":"G\u00e9rer les cookies"},"content":{"rendered":"\t\t<div data-elementor-type=\"wp-page\" data-elementor-id=\"536\" class=\"elementor elementor-536\" data-elementor-post-type=\"page\">\n\t\t\t\t\t\t<section class=\"elementor-section elementor-top-section elementor-element elementor-element-9183824 elementor-section-boxed elementor-section-height-default elementor-section-height-default\" data-id=\"9183824\" data-element_type=\"section\" data-settings=\"{&quot;background_background&quot;:&quot;classic&quot;}\">\n\t\t\t\t\t\t<div class=\"elementor-container elementor-column-gap-default\">\n\t\t\t\t\t<div class=\"elementor-column elementor-col-100 elementor-top-column elementor-element elementor-element-a05c0f2\" data-id=\"a05c0f2\" data-element_type=\"column\">\n\t\t\t<div class=\"elementor-widget-wrap elementor-element-populated\">\n\t\t\t\t\t\t<section class=\"elementor-section elementor-inner-section elementor-element elementor-element-1aa9945 elementor-section-boxed elementor-section-height-default elementor-section-height-default\" data-id=\"1aa9945\" data-element_type=\"section\">\n\t\t\t\t\t\t<div class=\"elementor-container elementor-column-gap-default\">\n\t\t\t\t\t<div class=\"elementor-column elementor-col-50 elementor-inner-column elementor-element elementor-element-4fc51fe\" data-id=\"4fc51fe\" data-element_type=\"column\">\n\t\t\t<div class=\"elementor-widget-wrap elementor-element-populated\">\n\t\t\t\t\t\t<div class=\"elementor-element elementor-element-0b2a9cb elementor-widget elementor-widget-heading\" data-id=\"0b2a9cb\" data-element_type=\"widget\" data-widget_type=\"heading.default\">\n\t\t\t\t<div class=\"elementor-widget-container\">\n\t\t\t<h1 class=\"elementor-heading-title elementor-size-default\">Informations concernants les cookies<\/h1>\t\t<\/div>\n\t\t\t\t<\/div>\n\t\t\t\t\t<\/div>\n\t\t<\/div>\n\t\t\t\t<div class=\"elementor-column elementor-col-50 elementor-inner-column elementor-element elementor-element-fe17c30\" data-id=\"fe17c30\" data-element_type=\"column\">\n\t\t\t<div class=\"elementor-widget-wrap elementor-element-populated\">\n\t\t\t\t\t\t<div class=\"elementor-element elementor-element-86340c3 elementor-widget elementor-widget-image\" data-id=\"86340c3\" data-element_type=\"widget\" data-widget_type=\"image.default\">\n\t\t\t\t<div class=\"elementor-widget-container\">\n\t\t\t\t\t\t\t\t\t\t\t\t\t<img loading=\"lazy\" decoding=\"async\" width=\"1471\" height=\"983\" src=\"https:\/\/ettic.org\/blog\/wp-content\/themes\/veen\/assets\/images\/transparent.gif\" data-lazy=\"true\" data-src=\"https:\/\/ettic.org\/blog\/wp-content\/uploads\/2023\/10\/iStock-10685844923.jpg\" class=\"attachment-2048x2048 size-2048x2048 wp-image-3882\" alt=\"\" data-srcset=\"https:\/\/ettic.org\/blog\/wp-content\/uploads\/2023\/10\/iStock-10685844923.jpg 1471w, https:\/\/ettic.org\/blog\/wp-content\/uploads\/2023\/10\/iStock-10685844923-300x200.jpg 300w, https:\/\/ettic.org\/blog\/wp-content\/uploads\/2023\/10\/iStock-10685844923-1024x684.jpg 1024w, https:\/\/ettic.org\/blog\/wp-content\/uploads\/2023\/10\/iStock-10685844923-768x513.jpg 768w, https:\/\/ettic.org\/blog\/wp-content\/uploads\/2023\/10\/iStock-10685844923-100x67.jpg 100w, https:\/\/ettic.org\/blog\/wp-content\/uploads\/2023\/10\/iStock-10685844923-673x450.jpg 673w\" data-sizes=\"auto, (max-width: 1471px) 100vw, 1471px\" \/>\t\t\t\t\t\t\t\t\t\t\t\t\t<\/div>\n\t\t\t\t<\/div>\n\t\t\t\t\t<\/div>\n\t\t<\/div>\n\t\t\t\t\t<\/div>\n\t\t<\/section>\n\t\t\t\t\t<\/div>\n\t\t<\/div>\n\t\t\t\t\t<\/div>\n\t\t<\/section>\n\t\t\t\t<section class=\"elementor-section elementor-top-section elementor-element elementor-element-4a42cdb elementor-section-boxed elementor-section-height-default elementor-section-height-default\" data-id=\"4a42cdb\" data-element_type=\"section\">\n\t\t\t\t\t\t<div class=\"elementor-container elementor-column-gap-default\">\n\t\t\t\t\t<div class=\"elementor-column elementor-col-100 elementor-top-column elementor-element elementor-element-eb96e98\" data-id=\"eb96e98\" data-element_type=\"column\">\n\t\t\t<div class=\"elementor-widget-wrap elementor-element-populated\">\n\t\t\t\t\t\t<div class=\"elementor-element elementor-element-d77baae elementor-widget-divider--view-line elementor-widget elementor-widget-divider\" data-id=\"d77baae\" data-element_type=\"widget\" data-widget_type=\"divider.default\">\n\t\t\t\t<div class=\"elementor-widget-container\">\n\t\t\t\t\t<div class=\"elementor-divider\">\n\t\t\t<span class=\"elementor-divider-separator\">\n\t\t\t\t\t\t<\/span>\n\t\t<\/div>\n\t\t\t\t<\/div>\n\t\t\t\t<\/div>\n\t\t\t\t<div class=\"elementor-element elementor-element-706eea9 elementor-widget__width-initial elementor-widget elementor-widget-text-editor\" data-id=\"706eea9\" data-element_type=\"widget\" data-widget_type=\"text-editor.default\">\n\t\t\t\t<div class=\"elementor-widget-container\">\n\t\t\t\t\t\t\t<ol>\n<li style=\"font-style: normal; font-variant-ligatures: normal; font-variant-caps: normal; font-weight: lighter; font-size: 1.1rem; font-family: 'Open Sans', sans-serif; color: #212529;\">En utilisant le site Internet de Ettic (les pages et sous-domaines li\u00e9s au domaine ettic.org,) vous consentez \u00e0 l&#8217;utilisation des cookies.<\/li>\n<\/ol>\n<p style=\"margin-bottom: 1rem; font-style: normal; font-variant-ligatures: normal; font-variant-caps: normal; font-weight: lighter; font-size: 1.1rem; font-family: 'Open Sans', sans-serif; color: #212529;\">Comme c&#8217;est une pratique courante sur de nombreux sites Internet, les sites de Ettic peuvent d\u00e9poser des cookies, des pixels invisibles, des t\u00e9moins Flash, et d&#8217;autres technologies sur votre ordinateur et y acc\u00e9der.<\/p>\n<p style=\"margin-bottom: 1rem; font-style: normal; font-variant-ligatures: normal; font-variant-caps: normal; font-weight: lighter; font-size: 1.1rem; font-family: 'Open Sans', sans-serif; color: #212529;\">Vous pouvez refuser l&#8217;utilisation de vos donn\u00e9es \u00e0 des fins de publicit\u00e9 cibl\u00e9e par centres d&#8217;int\u00e9r\u00eat sur le Site Internet de Ettic:<\/p>\n<ul style=\"margin-bottom: 1rem; font-style: normal; font-variant-ligatures: normal; font-variant-caps: normal; font-weight: lighter; font-size: 1.1rem; font-family: 'Open Sans', sans-serif; color: #212529; padding-left: 3rem !important;\">\n<li>en d\u00e9sactivant les cookies dans votre navigateur \u00e0 tout moment (en suivant les instructions fournies plus bas),<\/li>\n<li>en visitant le site&nbsp;<a style=\"color: #53acb6; background-color: transparent;\" href=\"http:\/\/www.youronlinechoices.com\/fr\/controler-ses-cookies\/\" rel=\"noopener\">http:\/\/www.youronlinechoices.com\/fr\/controler-ses-cookies\/<\/a>&nbsp;(en savoir plus sur le site de l\u2019IAB France),<\/li>\n<li>en visitant le site&nbsp;<a style=\"color: #53acb6; background-color: transparent;\" href=\"http:\/\/www.networkadvertising.org\/choices\/\" rel=\"noopener\">http:\/\/www.networkadvertising.org\/choices\/<\/a>,<\/li>\n<li>en utilisant le param\u00e9trage disponible ci-dessous.<\/li>\n<\/ul>\n<p style=\"margin-bottom: 1rem; font-style: normal; font-variant-ligatures: normal; font-variant-caps: normal; font-weight: lighter; font-size: 1.1rem; font-family: 'Open Sans', sans-serif; color: #212529;\">Veuillez noter que des tiers, tels que les r\u00e9seaux de publicit\u00e9, agences de publicit\u00e9, annonceurs et fournisseurs de segments d&#8217;audience, peuvent aussi, lorsque vous visitez les sites Internet de Ettic, cr\u00e9er des cookies, pixels invisibles, t\u00e9moins Flash et d&#8217;autres technologies sur votre ordinateur et y acc\u00e9der. Nous vous invitons \u00e0 consulter leur politique de gestion des cookies.<\/p>\n<h3 style=\"font-style: normal; font-variant-ligatures: normal; font-variant-caps: normal; font-family: 'Open Sans', sans-serif;\"><span style=\"font-weight: bold;\">&nbsp;<\/span><\/h3>\n<h3 style=\"font-style: normal; font-variant-ligatures: normal; font-variant-caps: normal; font-family: 'Open Sans', sans-serif;\"><span style=\"font-weight: bold;\">Les cookies<\/span><\/h3>\n<div style=\"font-style: normal; font-variant-ligatures: normal; font-variant-caps: normal; font-weight: 400; font-size: 16px; font-family: 'Open Sans', sans-serif;\"><span style=\"font-weight: bold;\">&nbsp;<\/span><\/div>\n<p style=\"\"><span style=\"font-weight: 400;\">Les cookies sont de petites quantit\u00e9s d&#8217;informations stock\u00e9es dans des fichiers au sein m\u00eame du navigateur de votre ordinateur. Les cookies sont accessibles et enregistr\u00e9s par les sites Internet que vous consultez, et par les soci\u00e9t\u00e9s qui affichent leurs annonces publicitaires sur des sites Internet, pour qu&#8217;ils puissent reconna\u00eetre le navigateur. Les sites Internet peuvent uniquement acc\u00e9der aux cookies qu&#8217;ils ont stock\u00e9s sur votre ordinateur. Par exemple, si la soci\u00e9t\u00e9 X enregistre un cookie sur votre navigateur, X peut acc\u00e9der \u00e0 son propre cookie, mais pas \u00e0 celui d&#8217;une autre soci\u00e9t\u00e9 Y.<\/span><br><\/p>\n<p style=\"font-style: normal; font-variant-ligatures: normal; font-variant-caps: normal; font-weight: 400; font-size: 16px; font-family: 'Open Sans', sans-serif;\"><span style=\"font-style: normal; font-variant-ligatures: normal; font-variant-caps: normal; font-weight: 100; font-size: 17.6px; font-family: 'Open Sans', sans-serif; color: #212529;\">&nbsp;<\/span><\/p>\n<h3 style=\"font-style: normal; font-variant-ligatures: normal; font-variant-caps: normal; font-family: 'Open Sans', sans-serif;\"><span style=\"font-weight: bold;\">\u00c0 quoi servent les cookies accompagnant les contenus publicitaires diffus\u00e9s par des tiers ?<\/span><\/h3>\n<div style=\"font-style: normal; font-variant-ligatures: normal; font-variant-caps: normal; font-weight: 400; font-size: 16px; font-family: 'Open Sans', sans-serif;\"><span style=\"font-weight: bold;\">&nbsp;<\/span><\/div>\n<div style=\"\">\n<p style=\"margin-bottom: 1rem;\"><font color=\"#212529\"><span style=\"font-size: 17.6px; font-weight: 100;\">Lorsque vous acc\u00e9dez \u00e0 un site ou une application contenant des espaces publicitaires ou promotionnels diffusant une de nos op\u00e9rations publicitaires ou promotionnelle, cette annonce est susceptible de contenir un cookie.<\/span><\/font><\/p><p style=\"margin-bottom: 1rem;\"><font color=\"#212529\"><span style=\"font-size: 17.6px; font-weight: 100;\">Ce cookie est susceptible, sous r\u00e9serve de vos choix, d&#8217;\u00eatre enregistr\u00e9 dans votre Terminal et de nous permettre de reconna\u00eetre le navigateur de votre Terminal pendant la dur\u00e9e de validit\u00e9 du cookie concern\u00e9.<\/span><\/font><\/p>\n<h3 style=\"font-family: &quot;Open Sans&quot;, sans-serif; font-size: 16px; font-style: normal; font-variant-ligatures: normal; font-variant-caps: normal; font-weight: 400;\"><span style=\"font-weight: bold;\">Comment exercer vos choix selon le navigateur que vous utilisez :<\/span><\/h3>\n<div style=\"font-family: &quot;Open Sans&quot;, sans-serif; font-size: 16px; font-style: normal; font-variant-ligatures: normal; font-variant-caps: normal; font-weight: 400;\"><span style=\"font-weight: bold;\">&nbsp;<\/span><\/div>\n<div style=\"font-family: &quot;Open Sans&quot;, sans-serif; font-size: 16px; font-style: normal; font-variant-ligatures: normal; font-variant-caps: normal; font-weight: 400;\">\n<p style=\"font-style: normal; font-variant-ligatures: normal; font-variant-caps: normal; font-weight: 400; font-size: 16px; font-family: 'Open Sans', sans-serif;\"><span style=\"font-weight: bold;\">Mozilla Firefox<\/span><\/p>\n<ol style=\"margin-bottom: 1rem; color: #212529; font-family: 'Open Sans', sans-serif; font-size: 14.4px; font-style: normal; font-variant-ligatures: normal; font-variant-caps: normal; font-weight: 400; padding-left: 1.5rem !important;\">\n<li>Ouvrez Firefox<\/li>\n<li>Appuyez sur la touche \u00ab Alt \u00bb<\/li>\n<li>Dans le menu en haut de la page cliquez sur \u00ab Outils \u00bb puis \u00ab Options \u00bb<\/li>\n<li>S\u00e9lectionnez l\u2019onglet \u00ab Vie priv\u00e9e \u00bb<\/li>\n<li>Dans le menu d\u00e9roulant \u00e0 droite de \u00ab R\u00e8gles de conservation \u00bb, cliquez sur \u00ab utiliser les param\u00e8tres personnalis\u00e9s pour l\u2019historique \u00bb<\/li>\n<li>Un peu plus bas, d\u00e9cochez \u00ab Accepter les cookies \u00bb<\/li>\n<li>Sauvegardez vos pr\u00e9f\u00e9rences en cliquant sur \u00ab OK \u00bb<\/li>\n<\/ol>\n<p><span style=\"text-decoration: underline;\"><a style=\"color: #53acb6; font-family: 'Open Sans', sans-serif; font-size: 14.4px; font-style: normal; font-variant-ligatures: normal; font-variant-caps: normal; font-weight: 400; text-decoration: underline;\" href=\"https:\/\/support.mozilla.org\/fr\/kb\/activer-desactiver-cookies\">En savoir plus<\/a><\/span><\/p>\n<\/div>\n<\/div>\t\t\t\t\t\t<\/div>\n\t\t\t\t<\/div>\n\t\t\t\t\t<\/div>\n\t\t<\/div>\n\t\t\t\t\t<\/div>\n\t\t<\/section>\n\t\t\t\t<\/div>\n\t\t","protected":false},"excerpt":{"rendered":"<p>Informations concernants les cookies En utilisant le site Internet de Ettic (les pages et sous-domaines li\u00e9s au domaine ettic.org,) vous consentez \u00e0 l&#8217;utilisation des cookies&#8230;.<\/p>\n","protected":false},"author":4,"featured_media":0,"parent":0,"menu_order":0,"comment_status":"closed","ping_status":"closed","template":"","meta":{"_acf_changed":false,"footnotes":""},"class_list":["post-536","page","type-page","status-publish","hentry"],"acf":[],"yoast_head":"<!-- This site is optimized with the Yoast SEO plugin v23.5 - https:\/\/yoast.com\/wordpress\/plugins\/seo\/ -->\n<title>G\u00e9rer les cookies - Ettic &amp; Vous<\/title>\n<meta name=\"robots\" content=\"index, follow, max-snippet:-1, max-image-preview:large, max-video-preview:-1\" \/>\n<link rel=\"canonical\" href=\"https:\/\/ettic.org\/blog\/gerer-les-cookies\/\" \/>\n<meta property=\"og:locale\" content=\"fr_FR\" \/>\n<meta property=\"og:type\" content=\"article\" \/>\n<meta property=\"og:title\" content=\"G\u00e9rer les cookies - Ettic &amp; Vous\" \/>\n<meta property=\"og:description\" content=\"Informations concernants les cookies En utilisant le site Internet de Ettic (les pages et sous-domaines li\u00e9s au domaine ettic.org,) vous consentez \u00e0 l&#8217;utilisation des cookies....\" \/>\n<meta property=\"og:url\" content=\"https:\/\/ettic.org\/blog\/gerer-les-cookies\/\" \/>\n<meta property=\"og:site_name\" content=\"Ettic &amp; Vous\" \/>\n<meta property=\"article:modified_time\" content=\"2023-10-31T11:25:56+00:00\" \/>\n<meta property=\"og:image\" content=\"https:\/\/ettic.org\/blog\/wp-content\/uploads\/2023\/10\/iStock-10685844923.jpg\" \/>\n<meta name=\"twitter:card\" content=\"summary_large_image\" \/>\n<meta name=\"twitter:label1\" content=\"Dur\u00e9e de lecture estim\u00e9e\" \/>\n\t<meta name=\"twitter:data1\" content=\"3 minutes\" \/>\n<script type=\"application\/ld+json\" class=\"yoast-schema-graph\">{\"@context\":\"https:\/\/schema.org\",\"@graph\":[{\"@type\":\"WebPage\",\"@id\":\"https:\/\/ettic.org\/blog\/gerer-les-cookies\/\",\"url\":\"https:\/\/ettic.org\/blog\/gerer-les-cookies\/\",\"name\":\"G\u00e9rer les cookies - Ettic &amp; Vous\",\"isPartOf\":{\"@id\":\"https:\/\/ettic.org\/blog\/#website\"},\"primaryImageOfPage\":{\"@id\":\"https:\/\/ettic.org\/blog\/gerer-les-cookies\/#primaryimage\"},\"image\":{\"@id\":\"https:\/\/ettic.org\/blog\/gerer-les-cookies\/#primaryimage\"},\"thumbnailUrl\":\"https:\/\/ettic.org\/blog\/wp-content\/uploads\/2023\/10\/iStock-10685844923.jpg\",\"datePublished\":\"2023-01-05T16:02:03+00:00\",\"dateModified\":\"2023-10-31T11:25:56+00:00\",\"breadcrumb\":{\"@id\":\"https:\/\/ettic.org\/blog\/gerer-les-cookies\/#breadcrumb\"},\"inLanguage\":\"fr-FR\",\"potentialAction\":[{\"@type\":\"ReadAction\",\"target\":[\"https:\/\/ettic.org\/blog\/gerer-les-cookies\/\"]}]},{\"@type\":\"ImageObject\",\"inLanguage\":\"fr-FR\",\"@id\":\"https:\/\/ettic.org\/blog\/gerer-les-cookies\/#primaryimage\",\"url\":\"https:\/\/ettic.org\/blog\/wp-content\/uploads\/2023\/10\/iStock-10685844923.jpg\",\"contentUrl\":\"https:\/\/ettic.org\/blog\/wp-content\/uploads\/2023\/10\/iStock-10685844923.jpg\",\"width\":1471,\"height\":983},{\"@type\":\"BreadcrumbList\",\"@id\":\"https:\/\/ettic.org\/blog\/gerer-les-cookies\/#breadcrumb\",\"itemListElement\":[{\"@type\":\"ListItem\",\"position\":1,\"name\":\"Accueil\",\"item\":\"https:\/\/ettic.org\/blog\/\"},{\"@type\":\"ListItem\",\"position\":2,\"name\":\"G\u00e9rer les cookies\"}]},{\"@type\":\"WebSite\",\"@id\":\"https:\/\/ettic.org\/blog\/#website\",\"url\":\"https:\/\/ettic.org\/blog\/\",\"name\":\"Ettic &amp; Vous\",\"description\":\"Ettic, partageons nos actualit\u00e9s\",\"publisher\":{\"@id\":\"https:\/\/ettic.org\/blog\/#organization\"},\"potentialAction\":[{\"@type\":\"SearchAction\",\"target\":{\"@type\":\"EntryPoint\",\"urlTemplate\":\"https:\/\/ettic.org\/blog\/?s={search_term_string}\"},\"query-input\":{\"@type\":\"PropertyValueSpecification\",\"valueRequired\":true,\"valueName\":\"search_term_string\"}}],\"inLanguage\":\"fr-FR\"},{\"@type\":\"Organization\",\"@id\":\"https:\/\/ettic.org\/blog\/#organization\",\"name\":\"Ettic &amp; Vous\",\"url\":\"https:\/\/ettic.org\/blog\/\",\"logo\":{\"@type\":\"ImageObject\",\"inLanguage\":\"fr-FR\",\"@id\":\"https:\/\/ettic.org\/blog\/#\/schema\/logo\/image\/\",\"url\":\"\",\"contentUrl\":\"\",\"caption\":\"Ettic &amp; Vous\"},\"image\":{\"@id\":\"https:\/\/ettic.org\/blog\/#\/schema\/logo\/image\/\"}}]}<\/script>\n<!-- \/ Yoast SEO plugin. -->","yoast_head_json":{"title":"G\u00e9rer les cookies - Ettic &amp; Vous","robots":{"index":"index","follow":"follow","max-snippet":"max-snippet:-1","max-image-preview":"max-image-preview:large","max-video-preview":"max-video-preview:-1"},"canonical":"https:\/\/ettic.org\/blog\/gerer-les-cookies\/","og_locale":"fr_FR","og_type":"article","og_title":"G\u00e9rer les cookies - Ettic &amp; Vous","og_description":"Informations concernants les cookies En utilisant le site Internet de Ettic (les pages et sous-domaines li\u00e9s au domaine ettic.org,) vous consentez \u00e0 l&#8217;utilisation des cookies....","og_url":"https:\/\/ettic.org\/blog\/gerer-les-cookies\/","og_site_name":"Ettic &amp; Vous","article_modified_time":"2023-10-31T11:25:56+00:00","og_image":[{"url":"https:\/\/ettic.org\/blog\/wp-content\/uploads\/2023\/10\/iStock-10685844923.jpg"}],"twitter_card":"summary_large_image","twitter_misc":{"Dur\u00e9e de lecture estim\u00e9e":"3 minutes"},"schema":{"@context":"https:\/\/schema.org","@graph":[{"@type":"WebPage","@id":"https:\/\/ettic.org\/blog\/gerer-les-cookies\/","url":"https:\/\/ettic.org\/blog\/gerer-les-cookies\/","name":"G\u00e9rer les cookies - Ettic &amp; Vous","isPartOf":{"@id":"https:\/\/ettic.org\/blog\/#website"},"primaryImageOfPage":{"@id":"https:\/\/ettic.org\/blog\/gerer-les-cookies\/#primaryimage"},"image":{"@id":"https:\/\/ettic.org\/blog\/gerer-les-cookies\/#primaryimage"},"thumbnailUrl":"https:\/\/ettic.org\/blog\/wp-content\/uploads\/2023\/10\/iStock-10685844923.jpg","datePublished":"2023-01-05T16:02:03+00:00","dateModified":"2023-10-31T11:25:56+00:00","breadcrumb":{"@id":"https:\/\/ettic.org\/blog\/gerer-les-cookies\/#breadcrumb"},"inLanguage":"fr-FR","potentialAction":[{"@type":"ReadAction","target":["https:\/\/ettic.org\/blog\/gerer-les-cookies\/"]}]},{"@type":"ImageObject","inLanguage":"fr-FR","@id":"https:\/\/ettic.org\/blog\/gerer-les-cookies\/#primaryimage","url":"https:\/\/ettic.org\/blog\/wp-content\/uploads\/2023\/10\/iStock-10685844923.jpg","contentUrl":"https:\/\/ettic.org\/blog\/wp-content\/uploads\/2023\/10\/iStock-10685844923.jpg","width":1471,"height":983},{"@type":"BreadcrumbList","@id":"https:\/\/ettic.org\/blog\/gerer-les-cookies\/#breadcrumb","itemListElement":[{"@type":"ListItem","position":1,"name":"Accueil","item":"https:\/\/ettic.org\/blog\/"},{"@type":"ListItem","position":2,"name":"G\u00e9rer les cookies"}]},{"@type":"WebSite","@id":"https:\/\/ettic.org\/blog\/#website","url":"https:\/\/ettic.org\/blog\/","name":"Ettic &amp; Vous","description":"Ettic, partageons nos actualit\u00e9s","publisher":{"@id":"https:\/\/ettic.org\/blog\/#organization"},"potentialAction":[{"@type":"SearchAction","target":{"@type":"EntryPoint","urlTemplate":"https:\/\/ettic.org\/blog\/?s={search_term_string}"},"query-input":{"@type":"PropertyValueSpecification","valueRequired":true,"valueName":"search_term_string"}}],"inLanguage":"fr-FR"},{"@type":"Organization","@id":"https:\/\/ettic.org\/blog\/#organization","name":"Ettic &amp; Vous","url":"https:\/\/ettic.org\/blog\/","logo":{"@type":"ImageObject","inLanguage":"fr-FR","@id":"https:\/\/ettic.org\/blog\/#\/schema\/logo\/image\/","url":"","contentUrl":"","caption":"Ettic &amp; Vous"},"image":{"@id":"https:\/\/ettic.org\/blog\/#\/schema\/logo\/image\/"}}]}},"_links":{"self":[{"href":"https:\/\/ettic.org\/blog\/wp-json\/wp\/v2\/pages\/536","targetHints":{"allow":["GET"]}}],"collection":[{"href":"https:\/\/ettic.org\/blog\/wp-json\/wp\/v2\/pages"}],"about":[{"href":"https:\/\/ettic.org\/blog\/wp-json\/wp\/v2\/types\/page"}],"author":[{"embeddable":true,"href":"https:\/\/ettic.org\/blog\/wp-json\/wp\/v2\/users\/4"}],"replies":[{"embeddable":true,"href":"https:\/\/ettic.org\/blog\/wp-json\/wp\/v2\/comments?post=536"}],"version-history":[{"count":10,"href":"https:\/\/ettic.org\/blog\/wp-json\/wp\/v2\/pages\/536\/revisions"}],"predecessor-version":[{"id":4018,"href":"https:\/\/ettic.org\/blog\/wp-json\/wp\/v2\/pages\/536\/revisions\/4018"}],"wp:attachment":[{"href":"https:\/\/ettic.org\/blog\/wp-json\/wp\/v2\/media?parent=536"}],"curies":[{"name":"wp","href":"https:\/\/api.w.org\/{rel}","templated":true}]}}